{"id":3,"date":"2023-09-29T08:43:29","date_gmt":"2023-09-29T06:43:29","guid":{"rendered":"https:\/\/v12proentreprise.com\/?page_id=3"},"modified":"2024-01-15T15:17:47","modified_gmt":"2024-01-15T14:17:47","slug":"politique-de-confidentialite","status":"publish","type":"page","link":"https:\/\/v12proentreprise.com\/index.php\/politique-de-confidentialite\/","title":{"rendered":"Politique de confidentialit\u00e9"},"content":{"rendered":"\n<p>RGPD : Les informations recueillies sur ce formulaire sont enregistr\u00e9es dans un fichier informatis\u00e9 par V12 PROENTREPRISE pour la communication marketing et commerciale. Elles sont conserv\u00e9es pendant une dur\u00e9e de 3 ans et sont destin\u00e9es au service marketing et commercial de&nbsp; V12 PROENTREPRISE. Conform\u00e9ment \u00e0 la loi \u00ab informatique et libert\u00e9s \u00bb, vous pouvez exercer votre droit d'acc\u00e8s aux donn\u00e9es vous concernant et les faire rectifier en contactant : Responsable de la protection des donn\u00e9es, Soci\u00e9t\u00e9 RG-PILOTAGE-TPE 14 LIEU DIT CARANSAC 33750 ST QUENTIN DE BARON ou par email sur&nbsp;<a target=\"_blank\" href=\"mailto:contact@RGPILOTAGETPE.FR\" rel=\"noreferrer noopener\">contact@RGPILOTAGETPE.FR<\/a>&nbsp;en pr\u00e9cisant dans l\u2019objet du courrier \u00ab Droit des personnes \u00bb et en joignant la copie de votre justificatif d\u2019identit\u00e9.<br>Avis important concernant le traitement des donn\u00e9es en connexion avec Google Analytics<br>Ce site utilise Google Analytics, un service d\u2019analyse web fournit par Google Ireland Limited. Si l\u2019organe responsable pour le traitement des donn\u00e9es r\u00e9colt\u00e9es via ce site est bas\u00e9 hors de l\u2019Espace \u00e9conomique europ\u00e9en et la Suisse, alors le traitement des donn\u00e9es associ\u00e9es \u00e0 Google Analytics sera effectu\u00e9 par Google LLC (avec son si\u00e8ge aux Etats-Unis). Google Ireland Limited et Google LLC sont ensemble ci-apr\u00e8s d\u00e9nomm\u00e9s \u201cGoogle\u201d.<\/p>\n\n\n\n<p>&nbsp;Google Analytics utilise des \u201ccookies\u201d, des fichiers textes sauv\u00e9s sur l\u2019ordinateur du visiteur du site, pour permettre l\u2019analyse de l\u2019utilisation du site par ce dernier. L\u2019information g\u00e9n\u00e9r\u00e9e par le cookie (incluant l\u2019adresse IP tronqu\u00e9e) sur l\u2019utilisation du site web est transmise \u00e0 et stock\u00e9e par Google.<\/p>\n\n\n\n<p>&nbsp;Google Analytics est utilis\u00e9 exclusivement avec l'extension \"_anonymizeIp ()\" sur ce site. L\u2019extension garantit une anonymisation de l\u2019adresse IP par troncature et exclu de ce fait une r\u00e9f\u00e9rence personnelle directe. Via cette extension, Google tronque l\u2019adresse IP du visiteur du site dans un \u00e9tat membre de l\u2019Union europ\u00e9enne ou dans un autre Etat parti \u00e0 l\u2019accord sur l\u2019Espace \u00e9conomique europ\u00e9en. Seulement dans des situations exceptionnelles l\u2019adresse IP enti\u00e8re du visiteur du site sera transmise au serveur de Google et tronqu\u00e9e aux Etats-Unis. L\u2019adresse IP, qui est fournie par le navigateur du visiteur du site utilisant Google Analytics ne sera pas recoup\u00e9e par Google avec d\u2019autres donn\u00e9es de Google.<\/p>\n\n\n\n<p>&nbsp;Au nom de l\u2019op\u00e9rateur du site, Google utilisera l\u2019information collect\u00e9e pour \u00e9valuer l\u2019utilisation du site, compiler des rapports sur l\u2019activit\u00e9 du site et pour fournir d\u2019autres sites et d\u2019autres services internet \u00e0 l\u2019op\u00e9rateur du site (article \u00a76 1 f RGPD). L\u2019int\u00e9r\u00eat l\u00e9gitime dans le traitement des donn\u00e9es se trouve dans l'optimisation de ce site, l\u2019analyse de l\u2019utilisation du site et l'adaptation du contenu. L\u2019int\u00e9r\u00eat des utilisateurs est ad\u00e9quatement prot\u00e9g\u00e9 par la pseudonymisation de leurs donn\u00e9es.<\/p>\n\n\n\n<p>&nbsp;Google LLC a certifi\u00e9 sa conformit\u00e9 avec le&nbsp;<a target=\"_blank\" href=\"https:\/\/www.privacyshield.gov\/participant?id=a2zt000000001L5AAI\" rel=\"noreferrer noopener\">Bouclier de protection des donn\u00e9es<\/a>&nbsp;UE-\u00c9tats-Unis, offrant une garantie du respect des l\u00e9gislations europ\u00e9ennes sur la protection des donn\u00e9es. Les donn\u00e9es envoy\u00e9es et coupl\u00e9es au cookie de Google Analytics e.g. ID de l\u2019utilisateur, ID publicitaire seront automatiquement effac\u00e9s apr\u00e8s 50 mois. La suppression des donn\u00e9es qui ont atteint la date limite de conservation est op\u00e9r\u00e9e automatiquement une fois par mois.<\/p>\n\n\n\n<p>&nbsp;Le visiteur du site peut refuser l\u2019utilisation de cookies en s\u00e9lectionnant le r\u00e9glage appropri\u00e9 dans le navigateur. Le visiteur du site peut aussi emp\u00eacher Google de rassembler, via cookies, des informations (incluant l\u2019adresse IP) et de traiter cette information en t\u00e9l\u00e9chargeant et en installant ce plugin dans le browser:&nbsp;<a target=\"_blank\" href=\"http:\/\/tools.google.com\/dlpage\/gaoptout\" rel=\"noreferrer noopener\">http:\/\/tools.google.com\/dlpage\/gaoptout<\/a>.<\/p>\n\n\n\n<p>&nbsp;Le visiteur du site peut emp\u00eacher la collecte des donn\u00e9es par Google Analytics en cliquant sur ce lien. Un \"cookie d'opt-out\" sera alors plac\u00e9 et permettra au visiteur du site de ne pas \u00eatre track\u00e9 durant sa navigation du site.<\/p>\n","protected":false},"excerpt":{"rendered":"<p>RGPD : Les informations recueillies sur ce formulaire sont enregistr\u00e9es dans un fichier informatis\u00e9 par V12 PROENTREPRISE pour la communication marketing et commerciale. Elles sont conserv\u00e9es pendant une dur\u00e9e de 3 ans et sont destin\u00e9es au service marketing et commercial de&nbsp; V12 PROENTREPRISE. Conform\u00e9ment \u00e0 la loi \u00ab informatique et libert\u00e9s \u00bb, vous pouvez exercer [&hellip;]<\/p>\n","protected":false},"author":1,"featured_media":0,"parent":0,"menu_order":0,"comment_status":"closed","ping_status":"closed","template":"","meta":{"footnotes":""},"categories":[72],"tags":[],"class_list":["post-3","page","type-page","status-publish","hentry","category-juridique"],"_links":{"self":[{"href":"https:\/\/v12proentreprise.com\/index.php\/wp-json\/wp\/v2\/pages\/3","targetHints":{"allow":["GET"]}}],"collection":[{"href":"https:\/\/v12proentreprise.com\/index.php\/wp-json\/wp\/v2\/pages"}],"about":[{"href":"https:\/\/v12proentreprise.com\/index.php\/wp-json\/wp\/v2\/types\/page"}],"author":[{"embeddable":true,"href":"https:\/\/v12proentreprise.com\/index.php\/wp-json\/wp\/v2\/users\/1"}],"replies":[{"embeddable":true,"href":"https:\/\/v12proentreprise.com\/index.php\/wp-json\/wp\/v2\/comments?post=3"}],"version-history":[{"count":2,"href":"https:\/\/v12proentreprise.com\/index.php\/wp-json\/wp\/v2\/pages\/3\/revisions"}],"predecessor-version":[{"id":209,"href":"https:\/\/v12proentreprise.com\/index.php\/wp-json\/wp\/v2\/pages\/3\/revisions\/209"}],"wp:attachment":[{"href":"https:\/\/v12proentreprise.com\/index.php\/wp-json\/wp\/v2\/media?parent=3"}],"wp:term":[{"taxonomy":"category","embeddable":true,"href":"https:\/\/v12proentreprise.com\/index.php\/wp-json\/wp\/v2\/categories?post=3"},{"taxonomy":"post_tag","embeddable":true,"href":"https:\/\/v12proentreprise.com\/index.php\/wp-json\/wp\/v2\/tags?post=3"}],"curies":[{"name":"wp","href":"https:\/\/api.w.org\/{rel}","templated":true}]}}